{"id":31,"date":"2025-09-25T14:50:09","date_gmt":"2025-09-25T14:50:09","guid":{"rendered":"http:\/\/pvfwjtl.cluster100.hosting.ovh.net\/?page_id=31"},"modified":"2025-09-25T14:50:22","modified_gmt":"2025-09-25T14:50:22","slug":"le-grand-maitre-hong-sac-kim","status":"publish","type":"page","link":"https:\/\/www.longhohoi.com\/index.php\/le-grand-maitre-hong-sac-kim\/","title":{"rendered":"Le Grand Ma\u00eetre H\u1ed3ng S\u1eafc Kim\u00a0"},"content":{"rendered":"\n<div class=\"wp-block-columns is-layout-flex wp-container-core-columns-is-layout-28f84493 wp-block-columns-is-layout-flex\">\n<div class=\"wp-block-column is-layout-flow wp-block-column-is-layout-flow\">\n<figure class=\"wp-block-image size-full\"><img loading=\"lazy\" decoding=\"async\" width=\"480\" height=\"584\" src=\"http:\/\/pvfwjtl.cluster100.hosting.ovh.net\/wp-content\/uploads\/2025\/09\/Image8.jpg\" alt=\"\" class=\"wp-image-32\" srcset=\"https:\/\/www.longhohoi.com\/wp-content\/uploads\/2025\/09\/Image8.jpg 480w, https:\/\/www.longhohoi.com\/wp-content\/uploads\/2025\/09\/Image8-247x300.jpg 247w\" sizes=\"auto, (max-width: 480px) 100vw, 480px\" \/><\/figure>\n<\/div>\n\n\n\n<div class=\"wp-block-column is-layout-flow wp-block-column-is-layout-flow\">\n<p>Le Grand Ma\u00eetre H\u1ed3ng S\u1eafc Kim (1915-2004) est n\u00e9 \u00e0 Ninh B\u00ecnh, au Vi\u1ec7t Nam, dans une famille de tradition bouddhiste et confucianiste. Son vrai nom est Nguy\u1ec5n M\u1ea1nh S\u01a1n.<br><br>D\u00e8s son plus jeune \u00e2ge, il manifesta une passion profonde pour les arts martiaux, passant des journ\u00e9es enti\u00e8res \u00e0 lire des romans de sabre et d\u2019\u00e9p\u00e9e narrant les exploits des chevaliers et h\u00e9ros vietnamiens et chinois. \u00c0 14 ans, il fut initi\u00e9 aux arts martiaux vietnamiens par son grand-p\u00e8re Nguy\u1ec5n M\u1ea1nh H\u00f9ng, licenci\u00e9 en arts martiaux (C\u1eed Nh\u00e2n V\u00f5) sous la dynastie des Nguy\u1ec5n. Les grades de licenci\u00e9 et docteur en arts martiaux avaient \u00e9t\u00e9 cr\u00e9\u00e9s sous la dynastie des Tr\u1ea7n (1225-1400), vainqueurs des Mongols avec le g\u00e9n\u00e9ral Tr\u1ea7n H\u01b0ng \u0110\u1ea1o (1228-1300).<br><br>Dou\u00e9 et pers\u00e9v\u00e9rant, il progressa rapidement dans la voie qu\u2019il s\u2019\u00e9tait trac\u00e9e. Deux ans plus tard, il re\u00e7ut un enseignement compl\u00e9mentaire des Grands Ma\u00eetres Na Tr\u1ea7n S\u01a1n et Tr\u1ea7n Phi S\u01a1n, probablement des experts li\u00e9s au temple Shaolin Thi\u1ebfu L\u00e2m T\u1ef1. Il suivit une formation approfondie en techniques martiales et m\u00e9decine traditionnelle, comprenant le soin et la gu\u00e9rison par les plantes et les massages \u00e9nerg\u00e9tiques.<\/p>\n\n\n\n<p>\u00c0 18 ans, il quitta sa famille \u00e0 Thanh Hoa pour rejoindre ses ma\u00eetres \u00e0 Ngh\u1ec7 An, o\u00f9 il alternait entre pr\u00e9paration de rem\u00e8des, gestion domestique et entra\u00eenements intensifs. Lorsque ses ma\u00eetres partirent pour d\u2019autres horizons, ils lui donn\u00e8rent un nom de bapt\u00eame, H\u1ed3ng S\u1eafc Kim, ainsi que le nom de sa future \u00e9cole : Long H\u1ed5 H\u1ed9i.<\/p>\n<\/div>\n<\/div>\n\n\n\n<div class=\"wp-block-columns is-layout-flex wp-container-core-columns-is-layout-28f84493 wp-block-columns-is-layout-flex\">\n<div class=\"wp-block-column is-layout-flow wp-block-column-is-layout-flow\" style=\"flex-basis:50%\">\n<figure class=\"wp-block-image size-full is-resized\"><img loading=\"lazy\" decoding=\"async\" width=\"382\" height=\"522\" src=\"http:\/\/pvfwjtl.cluster100.hosting.ovh.net\/wp-content\/uploads\/2025\/09\/Image10.jpg\" alt=\"\" class=\"wp-image-34\" style=\"width:275px;height:auto\" srcset=\"https:\/\/www.longhohoi.com\/wp-content\/uploads\/2025\/09\/Image10.jpg 382w, https:\/\/www.longhohoi.com\/wp-content\/uploads\/2025\/09\/Image10-220x300.jpg 220w\" sizes=\"auto, (max-width: 382px) 100vw, 382px\" \/><\/figure>\n<\/div>\n\n\n\n<div class=\"wp-block-column is-layout-flow wp-block-column-is-layout-flow\" style=\"flex-basis:25%\">\n<figure class=\"wp-block-image size-full\"><img loading=\"lazy\" decoding=\"async\" width=\"431\" height=\"605\" src=\"http:\/\/pvfwjtl.cluster100.hosting.ovh.net\/wp-content\/uploads\/2025\/09\/Image13.jpg\" alt=\"\" class=\"wp-image-36\" srcset=\"https:\/\/www.longhohoi.com\/wp-content\/uploads\/2025\/09\/Image13.jpg 431w, https:\/\/www.longhohoi.com\/wp-content\/uploads\/2025\/09\/Image13-214x300.jpg 214w\" sizes=\"auto, (max-width: 431px) 100vw, 431px\" \/><\/figure>\n<\/div>\n\n\n\n<div class=\"wp-block-column is-layout-flow wp-block-column-is-layout-flow\" style=\"flex-basis:25%\">\n<figure class=\"wp-block-image size-full\"><img loading=\"lazy\" decoding=\"async\" width=\"370\" height=\"496\" src=\"http:\/\/pvfwjtl.cluster100.hosting.ovh.net\/wp-content\/uploads\/2025\/09\/Image11.jpg\" alt=\"\" class=\"wp-image-35\" srcset=\"https:\/\/www.longhohoi.com\/wp-content\/uploads\/2025\/09\/Image11.jpg 370w, https:\/\/www.longhohoi.com\/wp-content\/uploads\/2025\/09\/Image11-224x300.jpg 224w\" sizes=\"auto, (max-width: 370px) 100vw, 370px\" \/><\/figure>\n<\/div>\n<\/div>\n\n\n\n<p><\/p>\n\n\n\n<p><\/p>\n\n\n\n<div class=\"wp-block-columns is-layout-flex wp-container-core-columns-is-layout-28f84493 wp-block-columns-is-layout-flex\">\n<div class=\"wp-block-column is-layout-flow wp-block-column-is-layout-flow\">\n<figure class=\"wp-block-image size-large\"><img loading=\"lazy\" decoding=\"async\" width=\"1024\" height=\"697\" src=\"http:\/\/pvfwjtl.cluster100.hosting.ovh.net\/wp-content\/uploads\/2025\/09\/Image12-1024x697.jpg\" alt=\"\" class=\"wp-image-37\" srcset=\"https:\/\/www.longhohoi.com\/wp-content\/uploads\/2025\/09\/Image12-1024x697.jpg 1024w, https:\/\/www.longhohoi.com\/wp-content\/uploads\/2025\/09\/Image12-300x204.jpg 300w, https:\/\/www.longhohoi.com\/wp-content\/uploads\/2025\/09\/Image12-768x523.jpg 768w, https:\/\/www.longhohoi.com\/wp-content\/uploads\/2025\/09\/Image12.jpg 1105w\" sizes=\"auto, (max-width: 1024px) 100vw, 1024px\" \/><\/figure>\n<\/div>\n\n\n\n<div class=\"wp-block-column is-layout-flow wp-block-column-is-layout-flow\">\n<p>\u00ab&nbsp;H\u1ed3ng&nbsp;\u00bb signifie rouge en vietnamien et chinois, \u00e9voquant le bois de rose (\u00ab&nbsp;g\u1ed7 h\u1ed3ng s\u1eafc&nbsp;\u00bb), tandis que \u00ab&nbsp;Kim&nbsp;\u00bb signifie m\u00e9tal, formant ainsi \u00ab&nbsp;La Rose Rouge de M\u00e9tal&nbsp;\u00bb.<\/p>\n\n\n\n<p>Les ma\u00eetres lui donn\u00e8rent aussi le nom de l\u2019\u00e9cole : ph\u00e1i Long H\u1ed5 H\u1ed9i, v\u00f5 \u0111\u01b0\u1eddng lam S\u01a1ng, signifiant \u00ab&nbsp;Union du Tigre et du Dragon&nbsp;\u00bb, symbolisant force et sagesse.<\/p>\n\n\n\n<p>Malgr\u00e9 la difficult\u00e9 de la s\u00e9paration, il poursuivit sa qu\u00eate en cherchant de nouveaux ma\u00eetres. Son nouveau ma\u00eetre, L\u00fd Th\u1ebf, propri\u00e9taire d\u2019une grande plantation \u00e0 Quang Binh, lui enseigna l\u2019art martial apr\u00e8s qu\u2019il eut travaill\u00e9 un an \u00e0 ses c\u00f4t\u00e9s. H\u1ed3ng S\u1eafc Kim devint rapidement son assistant principal pour ses cours \u00e0 Hu\u1ebf.<\/p>\n\n\n\n<p>Apr\u00e8s la mort de L\u00fd Th\u1ebf, il enseigna \u00e0 Hu\u1ebf tout en travaillant sur divers projets, notamment pour la construction du chemin de fer national dans le Centre du Vietnam, ce qui lui permit de rencontrer de nombreux ma\u00eetres prestigieux.<\/p>\n\n\n\n<p>Un \u00e9pisode c\u00e9l\u00e8bre narre son d\u00e9fi relev\u00e9 contre un ma\u00eetre d\u2019arts martiaux lors d\u2019une repr\u00e9sentation th\u00e9\u00e2trale \u00e0 Kim Long, victoire qui lui valut le surnom de \u00ab&nbsp;Champion d\u2019Indochine&nbsp;\u00bb.<\/p>\n\n\n\n<p>Il remporta deux combats prestigieux contre les ma\u00eetres Minh Tay et Hum Sam dans les ann\u00e9es 1940, d\u00e9montrant sa sup\u00e9riorit\u00e9 technique malgr\u00e9 des diff\u00e9rences physiques notables.<\/p>\n\n\n\n<p>En 1950, il fonda un club de Kung Fu \u00e0 Hano\u00ef, o\u00f9 il perfectionna aussi sa boxe anglaise. Apr\u00e8s la division du Vietnam en 1954, il tenta de persuader le fondateur de l\u2019\u00e9cole Vovinam de migrer vers le Sud, sans succ\u00e8s.<\/p>\n<\/div>\n<\/div>\n\n\n\n<div class=\"wp-block-columns is-layout-flex wp-container-core-columns-is-layout-28f84493 wp-block-columns-is-layout-flex\">\n<div class=\"wp-block-column is-layout-flow wp-block-column-is-layout-flow\">\n<p>Install\u00e9 \u00e0 Saigon, il quitta progressivement le milieu martial jusqu\u2019en 1975, p\u00e9riode o\u00f9 il travailla dans le commerce puis en tant que chef de magasin avant de quitter le Vietnam pour Hong Kong puis la France.<\/p>\n\n\n\n<p>Arriv\u00e9 \u00e0 Limoges en 1976, il enseigna \u00e0 une dizaine d\u2019\u00e9l\u00e8ves dans son appartement transform\u00e9 en salle d\u2019entra\u00eenement.<\/p>\n\n\n\n<p>En 1993, il confia \u00e0 Ho\u00e0ng Ng\u1ecdc Th\u1ea1ch la t\u00e2che de perp\u00e9tuer et d\u00e9velopper son \u00e9cole. <\/p>\n\n\n\n<p>En <strong>1995<\/strong>, <strong>Olivier Leboeuf <\/strong>prit la rel\u00e8ve. Plusieurs clubs associatifs furent ensuite cr\u00e9\u00e9s pour enseigner le Long H\u1ed5 H\u1ed9i, parmi lesquels le club DT Sport Sant\u00e9 \u00e0 Limoges, ax\u00e9 sur l\u2019activit\u00e9 physique adapt\u00e9e et les arts martiaux traditionnels et modernes.<\/p>\n<\/div>\n\n\n\n<div class=\"wp-block-column is-layout-flow wp-block-column-is-layout-flow\">\n<figure class=\"wp-block-image size-full is-resized\"><img loading=\"lazy\" decoding=\"async\" width=\"336\" height=\"239\" src=\"http:\/\/pvfwjtl.cluster100.hosting.ovh.net\/wp-content\/uploads\/2025\/09\/Image14.jpg\" alt=\"\" class=\"wp-image-38\" style=\"width:540px;height:auto\" srcset=\"https:\/\/www.longhohoi.com\/wp-content\/uploads\/2025\/09\/Image14.jpg 336w, https:\/\/www.longhohoi.com\/wp-content\/uploads\/2025\/09\/Image14-300x213.jpg 300w\" sizes=\"auto, (max-width: 336px) 100vw, 336px\" \/><\/figure>\n<\/div>\n<\/div>\n\n\n\n<p><\/p>\n","protected":false},"excerpt":{"rendered":"<p>Le Grand Ma\u00eetre H\u1ed3ng S\u1eafc Kim (1915-2004) est n\u00e9 \u00e0 Ninh B\u00ecnh, au Vi\u1ec7t Nam, dans une famille de tradition [&hellip;]<\/p>\n","protected":false},"author":2,"featured_media":0,"parent":0,"menu_order":0,"comment_status":"closed","ping_status":"closed","template":"","meta":{"site-sidebar-layout":"default","site-content-layout":"","ast-site-content-layout":"default","site-content-style":"default","site-sidebar-style":"default","ast-global-header-display":"","ast-banner-title-visibility":"","ast-main-header-display":"","ast-hfb-above-header-display":"","ast-hfb-below-header-display":"","ast-hfb-mobile-header-display":"","site-post-title":"","ast-breadcrumbs-content":"","ast-featured-img":"","footer-sml-layout":"","theme-transparent-header-meta":"","adv-header-id-meta":"","stick-header-meta":"","header-above-stick-meta":"","header-main-stick-meta":"","header-below-stick-meta":"","astra-migrate-meta-layouts":"default","ast-page-background-enabled":"default","ast-page-background-meta":{"desktop":{"background-color":"var(--ast-global-color-5)","background-image":"","background-repeat":"repeat","background-position":"center center","background-size":"auto","background-attachment":"scroll","background-type":"","background-media":"","overlay-type":"","overlay-color":"","overlay-opacity":"","overlay-gradient":""},"tablet":{"background-color":"","background-image":"","background-repeat":"repeat","background-position":"center center","background-size":"auto","background-attachment":"scroll","background-type":"","background-media":"","overlay-type":"","overlay-color":"","overlay-opacity":"","overlay-gradient":""},"mobile":{"background-color":"","background-image":"","background-repeat":"repeat","background-position":"center center","background-size":"auto","background-attachment":"scroll","background-type":"","background-media":"","overlay-type":"","overlay-color":"","overlay-opacity":"","overlay-gradient":""}},"ast-content-background-meta":{"desktop":{"background-color":"var(--ast-global-color-4)","background-image":"","background-repeat":"repeat","background-position":"center center","background-size":"auto","background-attachment":"scroll","background-type":"","background-media":"","overlay-type":"","overlay-color":"","overlay-opacity":"","overlay-gradient":""},"tablet":{"background-color":"var(--ast-global-color-4)","background-image":"","background-repeat":"repeat","background-position":"center center","background-size":"auto","background-attachment":"scroll","background-type":"","background-media":"","overlay-type":"","overlay-color":"","overlay-opacity":"","overlay-gradient":""},"mobile":{"background-color":"var(--ast-global-color-4)","background-image":"","background-repeat":"repeat","background-position":"center center","background-size":"auto","background-attachment":"scroll","background-type":"","background-media":"","overlay-type":"","overlay-color":"","overlay-opacity":"","overlay-gradient":""}},"footnotes":""},"class_list":["post-31","page","type-page","status-publish","hentry"],"yoast_head":"<!-- This site is optimized with the Yoast SEO plugin v26.0 - https:\/\/yoast.com\/wordpress\/plugins\/seo\/ -->\n<title>Le Grand Ma\u00eetre H\u1ed3ng S\u1eafc Kim\u00a0 - longhohoi.com<\/title>\n<meta name=\"robots\" content=\"index, follow, max-snippet:-1, max-image-preview:large, max-video-preview:-1\" \/>\n<link rel=\"canonical\" href=\"https:\/\/www.longhohoi.com\/index.php\/le-grand-maitre-hong-sac-kim\/\" \/>\n<meta property=\"og:locale\" content=\"fr_FR\" \/>\n<meta property=\"og:type\" content=\"article\" \/>\n<meta property=\"og:title\" content=\"Le Grand Ma\u00eetre H\u1ed3ng S\u1eafc Kim\u00a0 - longhohoi.com\" \/>\n<meta property=\"og:description\" content=\"Le Grand Ma\u00eetre H\u1ed3ng S\u1eafc Kim (1915-2004) est n\u00e9 \u00e0 Ninh B\u00ecnh, au Vi\u1ec7t Nam, dans une famille de tradition [&hellip;]\" \/>\n<meta property=\"og:url\" content=\"https:\/\/www.longhohoi.com\/index.php\/le-grand-maitre-hong-sac-kim\/\" \/>\n<meta property=\"og:site_name\" content=\"longhohoi.com\" \/>\n<meta property=\"article:modified_time\" content=\"2025-09-25T14:50:22+00:00\" \/>\n<meta property=\"og:image\" content=\"http:\/\/pvfwjtl.cluster100.hosting.ovh.net\/wp-content\/uploads\/2025\/09\/Image8.jpg\" \/>\n<meta name=\"twitter:card\" content=\"summary_large_image\" \/>\n<meta name=\"twitter:label1\" content=\"Dur\u00e9e de lecture estim\u00e9e\" \/>\n\t<meta name=\"twitter:data1\" content=\"3 minutes\" \/>\n<script type=\"application\/ld+json\" class=\"yoast-schema-graph\">{\"@context\":\"https:\/\/schema.org\",\"@graph\":[{\"@type\":\"WebPage\",\"@id\":\"https:\/\/www.longhohoi.com\/index.php\/le-grand-maitre-hong-sac-kim\/\",\"url\":\"https:\/\/www.longhohoi.com\/index.php\/le-grand-maitre-hong-sac-kim\/\",\"name\":\"Le Grand Ma\u00eetre H\u1ed3ng S\u1eafc Kim\u00a0 - longhohoi.com\",\"isPartOf\":{\"@id\":\"https:\/\/www.longhohoi.com\/#website\"},\"primaryImageOfPage\":{\"@id\":\"https:\/\/www.longhohoi.com\/index.php\/le-grand-maitre-hong-sac-kim\/#primaryimage\"},\"image\":{\"@id\":\"https:\/\/www.longhohoi.com\/index.php\/le-grand-maitre-hong-sac-kim\/#primaryimage\"},\"thumbnailUrl\":\"http:\/\/pvfwjtl.cluster100.hosting.ovh.net\/wp-content\/uploads\/2025\/09\/Image8.jpg\",\"datePublished\":\"2025-09-25T14:50:09+00:00\",\"dateModified\":\"2025-09-25T14:50:22+00:00\",\"breadcrumb\":{\"@id\":\"https:\/\/www.longhohoi.com\/index.php\/le-grand-maitre-hong-sac-kim\/#breadcrumb\"},\"inLanguage\":\"fr-FR\",\"potentialAction\":[{\"@type\":\"ReadAction\",\"target\":[\"https:\/\/www.longhohoi.com\/index.php\/le-grand-maitre-hong-sac-kim\/\"]}]},{\"@type\":\"ImageObject\",\"inLanguage\":\"fr-FR\",\"@id\":\"https:\/\/www.longhohoi.com\/index.php\/le-grand-maitre-hong-sac-kim\/#primaryimage\",\"url\":\"http:\/\/pvfwjtl.cluster100.hosting.ovh.net\/wp-content\/uploads\/2025\/09\/Image8.jpg\",\"contentUrl\":\"http:\/\/pvfwjtl.cluster100.hosting.ovh.net\/wp-content\/uploads\/2025\/09\/Image8.jpg\"},{\"@type\":\"BreadcrumbList\",\"@id\":\"https:\/\/www.longhohoi.com\/index.php\/le-grand-maitre-hong-sac-kim\/#breadcrumb\",\"itemListElement\":[{\"@type\":\"ListItem\",\"position\":1,\"name\":\"Accueil\",\"item\":\"https:\/\/www.longhohoi.com\/\"},{\"@type\":\"ListItem\",\"position\":2,\"name\":\"Le Grand Ma\u00eetre H\u1ed3ng S\u1eafc Kim\u00a0\"}]},{\"@type\":\"WebSite\",\"@id\":\"https:\/\/www.longhohoi.com\/#website\",\"url\":\"https:\/\/www.longhohoi.com\/\",\"name\":\"longhohoi.com\",\"description\":\"Union Dragon Tigre\",\"publisher\":{\"@id\":\"https:\/\/www.longhohoi.com\/#organization\"},\"potentialAction\":[{\"@type\":\"SearchAction\",\"target\":{\"@type\":\"EntryPoint\",\"urlTemplate\":\"https:\/\/www.longhohoi.com\/?s={search_term_string}\"},\"query-input\":{\"@type\":\"PropertyValueSpecification\",\"valueRequired\":true,\"valueName\":\"search_term_string\"}}],\"inLanguage\":\"fr-FR\"},{\"@type\":\"Organization\",\"@id\":\"https:\/\/www.longhohoi.com\/#organization\",\"name\":\"longhohoi.com\",\"url\":\"https:\/\/www.longhohoi.com\/\",\"logo\":{\"@type\":\"ImageObject\",\"inLanguage\":\"fr-FR\",\"@id\":\"https:\/\/www.longhohoi.com\/#\/schema\/logo\/image\/\",\"url\":\"https:\/\/www.longhohoi.com\/wp-content\/uploads\/2025\/09\/cropped-DTSS_200.png\",\"contentUrl\":\"https:\/\/www.longhohoi.com\/wp-content\/uploads\/2025\/09\/cropped-DTSS_200.png\",\"width\":200,\"height\":200,\"caption\":\"longhohoi.com\"},\"image\":{\"@id\":\"https:\/\/www.longhohoi.com\/#\/schema\/logo\/image\/\"}}]}<\/script>\n<!-- \/ Yoast SEO plugin. -->","yoast_head_json":{"title":"Le Grand Ma\u00eetre H\u1ed3ng S\u1eafc Kim\u00a0 - longhohoi.com","robots":{"index":"index","follow":"follow","max-snippet":"max-snippet:-1","max-image-preview":"max-image-preview:large","max-video-preview":"max-video-preview:-1"},"canonical":"https:\/\/www.longhohoi.com\/index.php\/le-grand-maitre-hong-sac-kim\/","og_locale":"fr_FR","og_type":"article","og_title":"Le Grand Ma\u00eetre H\u1ed3ng S\u1eafc Kim\u00a0 - longhohoi.com","og_description":"Le Grand Ma\u00eetre H\u1ed3ng S\u1eafc Kim (1915-2004) est n\u00e9 \u00e0 Ninh B\u00ecnh, au Vi\u1ec7t Nam, dans une famille de tradition [&hellip;]","og_url":"https:\/\/www.longhohoi.com\/index.php\/le-grand-maitre-hong-sac-kim\/","og_site_name":"longhohoi.com","article_modified_time":"2025-09-25T14:50:22+00:00","og_image":[{"url":"http:\/\/pvfwjtl.cluster100.hosting.ovh.net\/wp-content\/uploads\/2025\/09\/Image8.jpg","type":"","width":"","height":""}],"twitter_card":"summary_large_image","twitter_misc":{"Dur\u00e9e de lecture estim\u00e9e":"3 minutes"},"schema":{"@context":"https:\/\/schema.org","@graph":[{"@type":"WebPage","@id":"https:\/\/www.longhohoi.com\/index.php\/le-grand-maitre-hong-sac-kim\/","url":"https:\/\/www.longhohoi.com\/index.php\/le-grand-maitre-hong-sac-kim\/","name":"Le Grand Ma\u00eetre H\u1ed3ng S\u1eafc Kim\u00a0 - longhohoi.com","isPartOf":{"@id":"https:\/\/www.longhohoi.com\/#website"},"primaryImageOfPage":{"@id":"https:\/\/www.longhohoi.com\/index.php\/le-grand-maitre-hong-sac-kim\/#primaryimage"},"image":{"@id":"https:\/\/www.longhohoi.com\/index.php\/le-grand-maitre-hong-sac-kim\/#primaryimage"},"thumbnailUrl":"http:\/\/pvfwjtl.cluster100.hosting.ovh.net\/wp-content\/uploads\/2025\/09\/Image8.jpg","datePublished":"2025-09-25T14:50:09+00:00","dateModified":"2025-09-25T14:50:22+00:00","breadcrumb":{"@id":"https:\/\/www.longhohoi.com\/index.php\/le-grand-maitre-hong-sac-kim\/#breadcrumb"},"inLanguage":"fr-FR","potentialAction":[{"@type":"ReadAction","target":["https:\/\/www.longhohoi.com\/index.php\/le-grand-maitre-hong-sac-kim\/"]}]},{"@type":"ImageObject","inLanguage":"fr-FR","@id":"https:\/\/www.longhohoi.com\/index.php\/le-grand-maitre-hong-sac-kim\/#primaryimage","url":"http:\/\/pvfwjtl.cluster100.hosting.ovh.net\/wp-content\/uploads\/2025\/09\/Image8.jpg","contentUrl":"http:\/\/pvfwjtl.cluster100.hosting.ovh.net\/wp-content\/uploads\/2025\/09\/Image8.jpg"},{"@type":"BreadcrumbList","@id":"https:\/\/www.longhohoi.com\/index.php\/le-grand-maitre-hong-sac-kim\/#breadcrumb","itemListElement":[{"@type":"ListItem","position":1,"name":"Accueil","item":"https:\/\/www.longhohoi.com\/"},{"@type":"ListItem","position":2,"name":"Le Grand Ma\u00eetre H\u1ed3ng S\u1eafc Kim\u00a0"}]},{"@type":"WebSite","@id":"https:\/\/www.longhohoi.com\/#website","url":"https:\/\/www.longhohoi.com\/","name":"longhohoi.com","description":"Union Dragon Tigre","publisher":{"@id":"https:\/\/www.longhohoi.com\/#organization"},"potentialAction":[{"@type":"SearchAction","target":{"@type":"EntryPoint","urlTemplate":"https:\/\/www.longhohoi.com\/?s={search_term_string}"},"query-input":{"@type":"PropertyValueSpecification","valueRequired":true,"valueName":"search_term_string"}}],"inLanguage":"fr-FR"},{"@type":"Organization","@id":"https:\/\/www.longhohoi.com\/#organization","name":"longhohoi.com","url":"https:\/\/www.longhohoi.com\/","logo":{"@type":"ImageObject","inLanguage":"fr-FR","@id":"https:\/\/www.longhohoi.com\/#\/schema\/logo\/image\/","url":"https:\/\/www.longhohoi.com\/wp-content\/uploads\/2025\/09\/cropped-DTSS_200.png","contentUrl":"https:\/\/www.longhohoi.com\/wp-content\/uploads\/2025\/09\/cropped-DTSS_200.png","width":200,"height":200,"caption":"longhohoi.com"},"image":{"@id":"https:\/\/www.longhohoi.com\/#\/schema\/logo\/image\/"}}]}},"_links":{"self":[{"href":"https:\/\/www.longhohoi.com\/index.php\/wp-json\/wp\/v2\/pages\/31","targetHints":{"allow":["GET"]}}],"collection":[{"href":"https:\/\/www.longhohoi.com\/index.php\/wp-json\/wp\/v2\/pages"}],"about":[{"href":"https:\/\/www.longhohoi.com\/index.php\/wp-json\/wp\/v2\/types\/page"}],"author":[{"embeddable":true,"href":"https:\/\/www.longhohoi.com\/index.php\/wp-json\/wp\/v2\/users\/2"}],"replies":[{"embeddable":true,"href":"https:\/\/www.longhohoi.com\/index.php\/wp-json\/wp\/v2\/comments?post=31"}],"version-history":[{"count":1,"href":"https:\/\/www.longhohoi.com\/index.php\/wp-json\/wp\/v2\/pages\/31\/revisions"}],"predecessor-version":[{"id":39,"href":"https:\/\/www.longhohoi.com\/index.php\/wp-json\/wp\/v2\/pages\/31\/revisions\/39"}],"wp:attachment":[{"href":"https:\/\/www.longhohoi.com\/index.php\/wp-json\/wp\/v2\/media?parent=31"}],"curies":[{"name":"wp","href":"https:\/\/api.w.org\/{rel}","templated":true}]}}