{"id":21,"date":"2025-09-25T14:39:14","date_gmt":"2025-09-25T14:39:14","guid":{"rendered":"http:\/\/pvfwjtl.cluster100.hosting.ovh.net\/?page_id=21"},"modified":"2025-09-25T14:39:34","modified_gmt":"2025-09-25T14:39:34","slug":"ecole-darts-martiaux-long-ho-hoi","status":"publish","type":"page","link":"https:\/\/www.longhohoi.com\/index.php\/ecole-darts-martiaux-long-ho-hoi\/","title":{"rendered":"Ecole d&rsquo;Arts Martiaux &#8211; Long H\u1ed5 H\u1ed9i"},"content":{"rendered":"\n<p>Long Ho Hoi (Long H\u1ed5 H\u1ed9i) est un nom aux significations riches et symboliques dans le contexte de l\u2019art martial sino-vietnamien. Il d\u00e9signe la rencontre, l\u2019union ou le combat du dragon (Long) et du tigre (H\u1ed5), deux animaux symboliques des traditions asiatiques et particuli\u00e8rement pr\u00e9sentes dans la philosophie tao\u00efste et martiale.<a href=\"https:\/\/clubdtsportsantelimoges.wordpress.com\/lecole-long-ho-hoi\/\" target=\"_blank\" rel=\"noreferrer noopener\"><\/a><\/p>\n\n\n\n<h2 class=\"wp-block-heading\">Signification du nom<\/h2>\n\n\n\n<ul class=\"wp-block-list\">\n<li>Long (\u9f8d \/ Long) : Dragon, symbole de puissance, sagesse et spiritualit\u00e9.<a href=\"https:\/\/clubdtsportsantelimoges.wordpress.com\/maitre-hong-sac-kim\/\" target=\"_blank\" rel=\"noreferrer noopener\"><\/a><\/li>\n\n\n\n<li>H\u1ed5 (\u864e \/ Ho) : Tigre, symbole de force, courage et action.<a href=\"http:\/\/longhodao.free.fr\/histoire.php?page=longhohoi\" target=\"_blank\" rel=\"noreferrer noopener\"><\/a><\/li>\n\n\n\n<li>H\u1ed9i (\u6703 \/ Hoi) : Union, rencontre ou combat, \u00e9voquant la synergie ou la dualit\u00e9 entre ces deux puissances.<a href=\"https:\/\/clubdtsportsantelimoges.wordpress.com\/lecole-long-ho-hoi\/\" target=\"_blank\" rel=\"noreferrer noopener\"><\/a><\/li>\n<\/ul>\n\n\n\n<p>Le nom entier signifie donc \u201cUnion du tigre et du dragon\u201d ou \u201cCombat du tigre et du dragon\u201d, ce qui exprime une philosophie tao\u00efste du combat : la dualit\u00e9, l\u2019\u00e9quilibre entre force et sagesse, action et r\u00e9flexion, ciel et terre.<a rel=\"noreferrer noopener\" target=\"_blank\" href=\"http:\/\/longhodao.free.fr\/histoire.php?page=longhohoi\"><\/a><\/p>\n\n\n\n<h2 class=\"wp-block-heading\">Symbolisme de l\u2019\u00e9cusson dos<\/h2>\n\n\n\n<ul class=\"wp-block-list\">\n<li>L\u2019\u00e9cusson symbolise la division du monde en deux polarit\u00e9s : le ciel et la terre, reprenant le principe fondamental du yin-yang.<a href=\"http:\/\/longhodao.free.fr\/histoire.php?page=longhohoi\" target=\"_blank\" rel=\"noreferrer noopener\"><\/a><\/li>\n\n\n\n<li>Les racines de Long Ho Hoi renvoient au mont Long Hu, lieu embl\u00e9matique en Chine associ\u00e9 au dragon et au tigre, animaux des points cardinaux (dragon \u00e0 l\u2019est, tigre \u00e0 l\u2019ouest).<a href=\"https:\/\/clubdtsportsantelimoges.wordpress.com\/lecole-long-ho-hoi\/\" target=\"_blank\" rel=\"noreferrer noopener\"><\/a><\/li>\n\n\n\n<li>Le dragon et le tigre illustrent la m\u00e9thode de combat, repr\u00e9sentant le potentiel combin\u00e9 de sagesse et de force, de souplesse et de puissance.<a href=\"https:\/\/clubdtsportsantelimoges.wordpress.com\/maitre-hong-sac-kim\/\" target=\"_blank\" rel=\"noreferrer noopener\"><\/a><\/li>\n<\/ul>\n\n\n\n<div class=\"wp-block-columns is-layout-flex wp-container-core-columns-is-layout-28f84493 wp-block-columns-is-layout-flex\">\n<div class=\"wp-block-column is-layout-flow wp-block-column-is-layout-flow\">\n<figure class=\"wp-block-image size-full\"><img loading=\"lazy\" decoding=\"async\" width=\"345\" height=\"346\" src=\"http:\/\/pvfwjtl.cluster100.hosting.ovh.net\/wp-content\/uploads\/2025\/09\/Image1.jpg\" alt=\"\" class=\"wp-image-22\" srcset=\"https:\/\/www.longhohoi.com\/wp-content\/uploads\/2025\/09\/Image1.jpg 345w, https:\/\/www.longhohoi.com\/wp-content\/uploads\/2025\/09\/Image1-300x300.jpg 300w, https:\/\/www.longhohoi.com\/wp-content\/uploads\/2025\/09\/Image1-150x150.jpg 150w\" sizes=\"auto, (max-width: 345px) 100vw, 345px\" \/><\/figure>\n<\/div>\n\n\n\n<div class=\"wp-block-column is-layout-flow wp-block-column-is-layout-flow\">\n<figure class=\"wp-block-image size-full\"><img loading=\"lazy\" decoding=\"async\" width=\"352\" height=\"346\" src=\"http:\/\/pvfwjtl.cluster100.hosting.ovh.net\/wp-content\/uploads\/2025\/09\/Image2.jpg\" alt=\"\" class=\"wp-image-23\" srcset=\"https:\/\/www.longhohoi.com\/wp-content\/uploads\/2025\/09\/Image2.jpg 352w, https:\/\/www.longhohoi.com\/wp-content\/uploads\/2025\/09\/Image2-300x295.jpg 300w\" sizes=\"auto, (max-width: 352px) 100vw, 352px\" \/><\/figure>\n<\/div>\n\n\n\n<div class=\"wp-block-column is-layout-flow wp-block-column-is-layout-flow\">\n<figure class=\"wp-block-image size-full\"><img loading=\"lazy\" decoding=\"async\" width=\"346\" height=\"346\" src=\"http:\/\/pvfwjtl.cluster100.hosting.ovh.net\/wp-content\/uploads\/2025\/09\/Image3.png\" alt=\"\" class=\"wp-image-24\" srcset=\"https:\/\/www.longhohoi.com\/wp-content\/uploads\/2025\/09\/Image3.png 346w, https:\/\/www.longhohoi.com\/wp-content\/uploads\/2025\/09\/Image3-300x300.png 300w, https:\/\/www.longhohoi.com\/wp-content\/uploads\/2025\/09\/Image3-150x150.png 150w\" sizes=\"auto, (max-width: 346px) 100vw, 346px\" \/><\/figure>\n<\/div>\n<\/div>\n\n\n\n<h2 class=\"wp-block-heading\">Symbolisme de l\u2019\u00e9cusson c\u0153ur<\/h2>\n\n\n\n<ul class=\"wp-block-list\">\n<li>Le tigre aux sourcils blancs incarne la sagesse et la force ancestrale, protecteur des hommes au c\u0153ur pur et symbole du tigre mill\u00e9naire (le \u201cp\u00e8re de tous les tigres\u201d) qui transcende sa nature pour acc\u00e9der \u00e0 la sagesse (\u201cOng H\u1ed5\u201d, Monsieur le tigre).<a href=\"https:\/\/clubdtsportsantelimoges.wordpress.com\/lecole-long-ho-hoi\/\" target=\"_blank\" rel=\"noreferrer noopener\"><\/a><\/li>\n\n\n\n<li>Le fond bleu repr\u00e9sente le ciel, l\u2019\u00e9l\u00e9vation spirituelle et la puret\u00e9, renforc\u00e9 par des r\u00e9f\u00e9rences \u00e0 la couleur cobalt, au bleu de Chartres ou au mangan\u00e8se.<a href=\"http:\/\/longhodao.free.fr\/histoire.php?page=longhohoi\" target=\"_blank\" rel=\"noreferrer noopener\"><\/a><\/li>\n<\/ul>\n\n\n\n<div class=\"wp-block-columns is-layout-flex wp-container-core-columns-is-layout-28f84493 wp-block-columns-is-layout-flex\">\n<div class=\"wp-block-column is-layout-flow wp-block-column-is-layout-flow\">\n<figure class=\"wp-block-image size-full\"><img loading=\"lazy\" decoding=\"async\" width=\"358\" height=\"360\" src=\"http:\/\/pvfwjtl.cluster100.hosting.ovh.net\/wp-content\/uploads\/2025\/09\/Image4.jpg\" alt=\"\" class=\"wp-image-25\" srcset=\"https:\/\/www.longhohoi.com\/wp-content\/uploads\/2025\/09\/Image4.jpg 358w, https:\/\/www.longhohoi.com\/wp-content\/uploads\/2025\/09\/Image4-298x300.jpg 298w, https:\/\/www.longhohoi.com\/wp-content\/uploads\/2025\/09\/Image4-150x150.jpg 150w\" sizes=\"auto, (max-width: 358px) 100vw, 358px\" \/><\/figure>\n<\/div>\n\n\n\n<div class=\"wp-block-column is-layout-flow wp-block-column-is-layout-flow\">\n<figure class=\"wp-block-image size-full\"><img loading=\"lazy\" decoding=\"async\" width=\"355\" height=\"355\" src=\"http:\/\/pvfwjtl.cluster100.hosting.ovh.net\/wp-content\/uploads\/2025\/09\/Image5.jpg\" alt=\"\" class=\"wp-image-26\" srcset=\"https:\/\/www.longhohoi.com\/wp-content\/uploads\/2025\/09\/Image5.jpg 355w, https:\/\/www.longhohoi.com\/wp-content\/uploads\/2025\/09\/Image5-300x300.jpg 300w, https:\/\/www.longhohoi.com\/wp-content\/uploads\/2025\/09\/Image5-150x150.jpg 150w\" sizes=\"auto, (max-width: 355px) 100vw, 355px\" \/><\/figure>\n<\/div>\n<\/div>\n\n\n\n<h2 class=\"wp-block-heading\">Symbolisme de l\u2019\u00e9paule<\/h2>\n\n\n\n<p>L\u2019\u00e9cusson de l\u2019\u00e9paule gauche aux doubles \u00e9p\u00e9es des S\u0153urs Trung (Hai B\u00e0 Tr\u01b0ng) symbolise la r\u00e9sistance, la bravoure et l\u2019ind\u00e9pendance nationale du Vietnam, incarn\u00e9s par deux h\u00e9ro\u00efnes embl\u00e9matiques.<br>Les S\u0153urs Trung (Tr\u01b0ng Tr\u1eafc et Tr\u01b0ng Nh\u1ecb) ont men\u00e9 une r\u00e9volte victorieuse contre la dynastie Han en 40 apr\u00e8s J.-C., devenant ainsi des symboles patriotiques majeurs du Vietnam. Cette insurrection a dur\u00e9 plusieurs ann\u00e9es, jusqu\u2019en 43 apr\u00e8s J.-C.<\/p>\n\n\n\n<p>Les doubles \u00e9p\u00e9es, attributs embl\u00e9matiques dans leur l\u00e9gende, sont le symbole de leur statut de guerri\u00e8res et de chefs militaires, illustrant la ma\u00eetrise martiale et l\u2019art du combat vietnamien.<a href=\"https:\/\/www.nationalgeographic.fr\/histoire\/comment-les-soeurs-trung-ont-libere-le-vietnam-de-la-domination-chinoise\" target=\"_blank\" rel=\"noreferrer noopener\"><\/a><\/p>\n\n\n\n<p>L\u2019\u00e9cusson valorise ainsi la transmission de ces valeurs \u00e0 travers la pratique du V\u00f5, incarnant au sein de l\u2019art martial Long Ho Hoi la force f\u00e9minine, la tradition, la r\u00e9silience et l\u2019h\u00e9ritage ancestral du peuple vietnamien<\/p>\n\n\n\n<div class=\"wp-block-columns is-layout-flex wp-container-core-columns-is-layout-28f84493 wp-block-columns-is-layout-flex\">\n<div class=\"wp-block-column is-layout-flow wp-block-column-is-layout-flow\" style=\"flex-basis:25%\">\n<figure class=\"wp-block-image size-full\"><img loading=\"lazy\" decoding=\"async\" width=\"215\" height=\"376\" src=\"http:\/\/pvfwjtl.cluster100.hosting.ovh.net\/wp-content\/uploads\/2025\/09\/Image6.jpg\" alt=\"\" class=\"wp-image-27\" srcset=\"https:\/\/www.longhohoi.com\/wp-content\/uploads\/2025\/09\/Image6.jpg 215w, https:\/\/www.longhohoi.com\/wp-content\/uploads\/2025\/09\/Image6-172x300.jpg 172w\" sizes=\"auto, (max-width: 215px) 100vw, 215px\" \/><\/figure>\n<\/div>\n\n\n\n<div class=\"wp-block-column is-layout-flow wp-block-column-is-layout-flow\" style=\"flex-basis:50%\">\n<figure class=\"wp-block-image size-full\"><img loading=\"lazy\" decoding=\"async\" width=\"490\" height=\"257\" src=\"http:\/\/pvfwjtl.cluster100.hosting.ovh.net\/wp-content\/uploads\/2025\/09\/22-2301a-ctv114915970.jpg\" alt=\"\" class=\"wp-image-28\" srcset=\"https:\/\/www.longhohoi.com\/wp-content\/uploads\/2025\/09\/22-2301a-ctv114915970.jpg 490w, https:\/\/www.longhohoi.com\/wp-content\/uploads\/2025\/09\/22-2301a-ctv114915970-300x157.jpg 300w\" sizes=\"auto, (max-width: 490px) 100vw, 490px\" \/><\/figure>\n<\/div>\n\n\n\n<div class=\"wp-block-column is-layout-flow wp-block-column-is-layout-flow\" style=\"flex-basis:25%\">\n<figure class=\"wp-block-image size-full\"><img loading=\"lazy\" decoding=\"async\" width=\"286\" height=\"440\" src=\"http:\/\/pvfwjtl.cluster100.hosting.ovh.net\/wp-content\/uploads\/2025\/09\/Image7.jpg\" alt=\"\" class=\"wp-image-29\" srcset=\"https:\/\/www.longhohoi.com\/wp-content\/uploads\/2025\/09\/Image7.jpg 286w, https:\/\/www.longhohoi.com\/wp-content\/uploads\/2025\/09\/Image7-195x300.jpg 195w\" sizes=\"auto, (max-width: 286px) 100vw, 286px\" \/><\/figure>\n<\/div>\n<\/div>\n\n\n\n<p><a href=\"https:\/\/www.vananphai.fr\/la-pratique-feminine\/\" target=\"_blank\" rel=\"noreferrer noopener\"><\/a><a href=\"https:\/\/clubdtsportsantelimoges.wordpress.com\/lecole-long-ho-hoi\/\" target=\"_blank\" rel=\"noreferrer noopener\"><\/a><\/p>\n","protected":false},"excerpt":{"rendered":"<p>Long Ho Hoi (Long H\u1ed5 H\u1ed9i) est un nom aux significations riches et symboliques dans le contexte de l\u2019art martial [&hellip;]<\/p>\n","protected":false},"author":2,"featured_media":0,"parent":0,"menu_order":0,"comment_status":"closed","ping_status":"closed","template":"","meta":{"site-sidebar-layout":"default","site-content-layout":"","ast-site-content-layout":"default","site-content-style":"default","site-sidebar-style":"default","ast-global-header-display":"","ast-banner-title-visibility":"","ast-main-header-display":"","ast-hfb-above-header-display":"","ast-hfb-below-header-display":"","ast-hfb-mobile-header-display":"","site-post-title":"","ast-breadcrumbs-content":"","ast-featured-img":"","footer-sml-layout":"","theme-transparent-header-meta":"","adv-header-id-meta":"","stick-header-meta":"","header-above-stick-meta":"","header-main-stick-meta":"","header-below-stick-meta":"","astra-migrate-meta-layouts":"default","ast-page-background-enabled":"default","ast-page-background-meta":{"desktop":{"background-color":"var(--ast-global-color-5)","background-image":"","background-repeat":"repeat","background-position":"center center","background-size":"auto","background-attachment":"scroll","background-type":"","background-media":"","overlay-type":"","overlay-color":"","overlay-opacity":"","overlay-gradient":""},"tablet":{"background-color":"","background-image":"","background-repeat":"repeat","background-position":"center center","background-size":"auto","background-attachment":"scroll","background-type":"","background-media":"","overlay-type":"","overlay-color":"","overlay-opacity":"","overlay-gradient":""},"mobile":{"background-color":"","background-image":"","background-repeat":"repeat","background-position":"center center","background-size":"auto","background-attachment":"scroll","background-type":"","background-media":"","overlay-type":"","overlay-color":"","overlay-opacity":"","overlay-gradient":""}},"ast-content-background-meta":{"desktop":{"background-color":"var(--ast-global-color-4)","background-image":"","background-repeat":"repeat","background-position":"center center","background-size":"auto","background-attachment":"scroll","background-type":"","background-media":"","overlay-type":"","overlay-color":"","overlay-opacity":"","overlay-gradient":""},"tablet":{"background-color":"var(--ast-global-color-4)","background-image":"","background-repeat":"repeat","background-position":"center center","background-size":"auto","background-attachment":"scroll","background-type":"","background-media":"","overlay-type":"","overlay-color":"","overlay-opacity":"","overlay-gradient":""},"mobile":{"background-color":"var(--ast-global-color-4)","background-image":"","background-repeat":"repeat","background-position":"center center","background-size":"auto","background-attachment":"scroll","background-type":"","background-media":"","overlay-type":"","overlay-color":"","overlay-opacity":"","overlay-gradient":""}},"footnotes":""},"class_list":["post-21","page","type-page","status-publish","hentry"],"yoast_head":"<!-- This site is optimized with the Yoast SEO plugin v26.0 - https:\/\/yoast.com\/wordpress\/plugins\/seo\/ -->\n<title>Ecole d&#039;Arts Martiaux - Long H\u1ed5 H\u1ed9i - longhohoi.com<\/title>\n<meta name=\"robots\" content=\"index, follow, max-snippet:-1, max-image-preview:large, max-video-preview:-1\" \/>\n<link rel=\"canonical\" href=\"https:\/\/www.longhohoi.com\/index.php\/ecole-darts-martiaux-long-ho-hoi\/\" \/>\n<meta property=\"og:locale\" content=\"fr_FR\" \/>\n<meta property=\"og:type\" content=\"article\" \/>\n<meta property=\"og:title\" content=\"Ecole d&#039;Arts Martiaux - Long H\u1ed5 H\u1ed9i - longhohoi.com\" \/>\n<meta property=\"og:description\" content=\"Long Ho Hoi (Long H\u1ed5 H\u1ed9i) est un nom aux significations riches et symboliques dans le contexte de l\u2019art martial [&hellip;]\" \/>\n<meta property=\"og:url\" content=\"https:\/\/www.longhohoi.com\/index.php\/ecole-darts-martiaux-long-ho-hoi\/\" \/>\n<meta property=\"og:site_name\" content=\"longhohoi.com\" \/>\n<meta property=\"article:modified_time\" content=\"2025-09-25T14:39:34+00:00\" \/>\n<meta property=\"og:image\" content=\"http:\/\/pvfwjtl.cluster100.hosting.ovh.net\/wp-content\/uploads\/2025\/09\/Image1.jpg\" \/>\n<meta name=\"twitter:card\" content=\"summary_large_image\" \/>\n<meta name=\"twitter:label1\" content=\"Dur\u00e9e de lecture estim\u00e9e\" \/>\n\t<meta name=\"twitter:data1\" content=\"2 minutes\" \/>\n<script type=\"application\/ld+json\" class=\"yoast-schema-graph\">{\"@context\":\"https:\/\/schema.org\",\"@graph\":[{\"@type\":\"WebPage\",\"@id\":\"https:\/\/www.longhohoi.com\/index.php\/ecole-darts-martiaux-long-ho-hoi\/\",\"url\":\"https:\/\/www.longhohoi.com\/index.php\/ecole-darts-martiaux-long-ho-hoi\/\",\"name\":\"Ecole d'Arts Martiaux - Long H\u1ed5 H\u1ed9i - longhohoi.com\",\"isPartOf\":{\"@id\":\"https:\/\/www.longhohoi.com\/#website\"},\"primaryImageOfPage\":{\"@id\":\"https:\/\/www.longhohoi.com\/index.php\/ecole-darts-martiaux-long-ho-hoi\/#primaryimage\"},\"image\":{\"@id\":\"https:\/\/www.longhohoi.com\/index.php\/ecole-darts-martiaux-long-ho-hoi\/#primaryimage\"},\"thumbnailUrl\":\"http:\/\/pvfwjtl.cluster100.hosting.ovh.net\/wp-content\/uploads\/2025\/09\/Image1.jpg\",\"datePublished\":\"2025-09-25T14:39:14+00:00\",\"dateModified\":\"2025-09-25T14:39:34+00:00\",\"breadcrumb\":{\"@id\":\"https:\/\/www.longhohoi.com\/index.php\/ecole-darts-martiaux-long-ho-hoi\/#breadcrumb\"},\"inLanguage\":\"fr-FR\",\"potentialAction\":[{\"@type\":\"ReadAction\",\"target\":[\"https:\/\/www.longhohoi.com\/index.php\/ecole-darts-martiaux-long-ho-hoi\/\"]}]},{\"@type\":\"ImageObject\",\"inLanguage\":\"fr-FR\",\"@id\":\"https:\/\/www.longhohoi.com\/index.php\/ecole-darts-martiaux-long-ho-hoi\/#primaryimage\",\"url\":\"http:\/\/pvfwjtl.cluster100.hosting.ovh.net\/wp-content\/uploads\/2025\/09\/Image1.jpg\",\"contentUrl\":\"http:\/\/pvfwjtl.cluster100.hosting.ovh.net\/wp-content\/uploads\/2025\/09\/Image1.jpg\"},{\"@type\":\"BreadcrumbList\",\"@id\":\"https:\/\/www.longhohoi.com\/index.php\/ecole-darts-martiaux-long-ho-hoi\/#breadcrumb\",\"itemListElement\":[{\"@type\":\"ListItem\",\"position\":1,\"name\":\"Accueil\",\"item\":\"https:\/\/www.longhohoi.com\/\"},{\"@type\":\"ListItem\",\"position\":2,\"name\":\"Ecole d&rsquo;Arts Martiaux &#8211; Long H\u1ed5 H\u1ed9i\"}]},{\"@type\":\"WebSite\",\"@id\":\"https:\/\/www.longhohoi.com\/#website\",\"url\":\"https:\/\/www.longhohoi.com\/\",\"name\":\"longhohoi.com\",\"description\":\"Union Dragon Tigre\",\"publisher\":{\"@id\":\"https:\/\/www.longhohoi.com\/#organization\"},\"potentialAction\":[{\"@type\":\"SearchAction\",\"target\":{\"@type\":\"EntryPoint\",\"urlTemplate\":\"https:\/\/www.longhohoi.com\/?s={search_term_string}\"},\"query-input\":{\"@type\":\"PropertyValueSpecification\",\"valueRequired\":true,\"valueName\":\"search_term_string\"}}],\"inLanguage\":\"fr-FR\"},{\"@type\":\"Organization\",\"@id\":\"https:\/\/www.longhohoi.com\/#organization\",\"name\":\"longhohoi.com\",\"url\":\"https:\/\/www.longhohoi.com\/\",\"logo\":{\"@type\":\"ImageObject\",\"inLanguage\":\"fr-FR\",\"@id\":\"https:\/\/www.longhohoi.com\/#\/schema\/logo\/image\/\",\"url\":\"https:\/\/www.longhohoi.com\/wp-content\/uploads\/2025\/09\/cropped-DTSS_200.png\",\"contentUrl\":\"https:\/\/www.longhohoi.com\/wp-content\/uploads\/2025\/09\/cropped-DTSS_200.png\",\"width\":200,\"height\":200,\"caption\":\"longhohoi.com\"},\"image\":{\"@id\":\"https:\/\/www.longhohoi.com\/#\/schema\/logo\/image\/\"}}]}<\/script>\n<!-- \/ Yoast SEO plugin. -->","yoast_head_json":{"title":"Ecole d'Arts Martiaux - Long H\u1ed5 H\u1ed9i - longhohoi.com","robots":{"index":"index","follow":"follow","max-snippet":"max-snippet:-1","max-image-preview":"max-image-preview:large","max-video-preview":"max-video-preview:-1"},"canonical":"https:\/\/www.longhohoi.com\/index.php\/ecole-darts-martiaux-long-ho-hoi\/","og_locale":"fr_FR","og_type":"article","og_title":"Ecole d'Arts Martiaux - Long H\u1ed5 H\u1ed9i - longhohoi.com","og_description":"Long Ho Hoi (Long H\u1ed5 H\u1ed9i) est un nom aux significations riches et symboliques dans le contexte de l\u2019art martial [&hellip;]","og_url":"https:\/\/www.longhohoi.com\/index.php\/ecole-darts-martiaux-long-ho-hoi\/","og_site_name":"longhohoi.com","article_modified_time":"2025-09-25T14:39:34+00:00","og_image":[{"url":"http:\/\/pvfwjtl.cluster100.hosting.ovh.net\/wp-content\/uploads\/2025\/09\/Image1.jpg","type":"","width":"","height":""}],"twitter_card":"summary_large_image","twitter_misc":{"Dur\u00e9e de lecture estim\u00e9e":"2 minutes"},"schema":{"@context":"https:\/\/schema.org","@graph":[{"@type":"WebPage","@id":"https:\/\/www.longhohoi.com\/index.php\/ecole-darts-martiaux-long-ho-hoi\/","url":"https:\/\/www.longhohoi.com\/index.php\/ecole-darts-martiaux-long-ho-hoi\/","name":"Ecole d'Arts Martiaux - Long H\u1ed5 H\u1ed9i - longhohoi.com","isPartOf":{"@id":"https:\/\/www.longhohoi.com\/#website"},"primaryImageOfPage":{"@id":"https:\/\/www.longhohoi.com\/index.php\/ecole-darts-martiaux-long-ho-hoi\/#primaryimage"},"image":{"@id":"https:\/\/www.longhohoi.com\/index.php\/ecole-darts-martiaux-long-ho-hoi\/#primaryimage"},"thumbnailUrl":"http:\/\/pvfwjtl.cluster100.hosting.ovh.net\/wp-content\/uploads\/2025\/09\/Image1.jpg","datePublished":"2025-09-25T14:39:14+00:00","dateModified":"2025-09-25T14:39:34+00:00","breadcrumb":{"@id":"https:\/\/www.longhohoi.com\/index.php\/ecole-darts-martiaux-long-ho-hoi\/#breadcrumb"},"inLanguage":"fr-FR","potentialAction":[{"@type":"ReadAction","target":["https:\/\/www.longhohoi.com\/index.php\/ecole-darts-martiaux-long-ho-hoi\/"]}]},{"@type":"ImageObject","inLanguage":"fr-FR","@id":"https:\/\/www.longhohoi.com\/index.php\/ecole-darts-martiaux-long-ho-hoi\/#primaryimage","url":"http:\/\/pvfwjtl.cluster100.hosting.ovh.net\/wp-content\/uploads\/2025\/09\/Image1.jpg","contentUrl":"http:\/\/pvfwjtl.cluster100.hosting.ovh.net\/wp-content\/uploads\/2025\/09\/Image1.jpg"},{"@type":"BreadcrumbList","@id":"https:\/\/www.longhohoi.com\/index.php\/ecole-darts-martiaux-long-ho-hoi\/#breadcrumb","itemListElement":[{"@type":"ListItem","position":1,"name":"Accueil","item":"https:\/\/www.longhohoi.com\/"},{"@type":"ListItem","position":2,"name":"Ecole d&rsquo;Arts Martiaux &#8211; Long H\u1ed5 H\u1ed9i"}]},{"@type":"WebSite","@id":"https:\/\/www.longhohoi.com\/#website","url":"https:\/\/www.longhohoi.com\/","name":"longhohoi.com","description":"Union Dragon Tigre","publisher":{"@id":"https:\/\/www.longhohoi.com\/#organization"},"potentialAction":[{"@type":"SearchAction","target":{"@type":"EntryPoint","urlTemplate":"https:\/\/www.longhohoi.com\/?s={search_term_string}"},"query-input":{"@type":"PropertyValueSpecification","valueRequired":true,"valueName":"search_term_string"}}],"inLanguage":"fr-FR"},{"@type":"Organization","@id":"https:\/\/www.longhohoi.com\/#organization","name":"longhohoi.com","url":"https:\/\/www.longhohoi.com\/","logo":{"@type":"ImageObject","inLanguage":"fr-FR","@id":"https:\/\/www.longhohoi.com\/#\/schema\/logo\/image\/","url":"https:\/\/www.longhohoi.com\/wp-content\/uploads\/2025\/09\/cropped-DTSS_200.png","contentUrl":"https:\/\/www.longhohoi.com\/wp-content\/uploads\/2025\/09\/cropped-DTSS_200.png","width":200,"height":200,"caption":"longhohoi.com"},"image":{"@id":"https:\/\/www.longhohoi.com\/#\/schema\/logo\/image\/"}}]}},"_links":{"self":[{"href":"https:\/\/www.longhohoi.com\/index.php\/wp-json\/wp\/v2\/pages\/21","targetHints":{"allow":["GET"]}}],"collection":[{"href":"https:\/\/www.longhohoi.com\/index.php\/wp-json\/wp\/v2\/pages"}],"about":[{"href":"https:\/\/www.longhohoi.com\/index.php\/wp-json\/wp\/v2\/types\/page"}],"author":[{"embeddable":true,"href":"https:\/\/www.longhohoi.com\/index.php\/wp-json\/wp\/v2\/users\/2"}],"replies":[{"embeddable":true,"href":"https:\/\/www.longhohoi.com\/index.php\/wp-json\/wp\/v2\/comments?post=21"}],"version-history":[{"count":1,"href":"https:\/\/www.longhohoi.com\/index.php\/wp-json\/wp\/v2\/pages\/21\/revisions"}],"predecessor-version":[{"id":30,"href":"https:\/\/www.longhohoi.com\/index.php\/wp-json\/wp\/v2\/pages\/21\/revisions\/30"}],"wp:attachment":[{"href":"https:\/\/www.longhohoi.com\/index.php\/wp-json\/wp\/v2\/media?parent=21"}],"curies":[{"name":"wp","href":"https:\/\/api.w.org\/{rel}","templated":true}]}}