{"id":2,"date":"2025-09-25T12:30:44","date_gmt":"2025-09-25T12:30:44","guid":{"rendered":"http:\/\/pvfwjtl.cluster100.hosting.ovh.net\/?page_id=2"},"modified":"2025-09-25T14:05:46","modified_gmt":"2025-09-25T14:05:46","slug":"sample-page","status":"publish","type":"page","link":"https:\/\/www.longhohoi.com\/index.php\/sample-page\/","title":{"rendered":"AMT &#8211; Enchainements &#8211; Quyen"},"content":{"rendered":"\n<p>Le <strong>V\u00f5 C\u00f4ng<\/strong> dans les arts martiaux sino-vietnamiens regroupe un ensemble tr\u00e8s complet de techniques structur\u00e9es autour du d\u00e9veloppement physique, de la ma\u00eetrise de toutes les parties du corps et de leur application en <mark style=\"background-color:rgba(0, 0, 0, 0);color:#cf2e2e\" class=\"has-inline-color\">self d\u00e9fense<\/mark> ou en <mark style=\"background-color:rgba(0, 0, 0, 0)\" class=\"has-inline-color has-ast-global-color-0-color\">comp\u00e9tition<\/mark>.<\/p>\n\n\n\n<p><strong>Principaux axes techniques<\/strong><br>Les \u00e9chauffements, \u00e9tirements et exercices de renforcement permettent d\u2019optimiser les capacit\u00e9s physiques et d\u2019\u00e9viter les blessures.<\/p>\n\n\n\n<p>Les techniques englobent le travail des poings, des mains ouvertes, des jambes, des coudes et des genoux, ainsi que les postures et d\u00e9placements (jeu de jambes, esquives, roulades et chutes).<\/p>\n\n\n\n<p>Les encha\u00eenements codifi\u00e9s ou <strong><em>Quy\u1ec1n<\/em><\/strong> sont centraux, allant des bases aux s\u00e9quences avanc\u00e9es ou sp\u00e9ciales, inspir\u00e9es parfois d\u2019animaux ou de principes mystiques.<\/p>\n\n\n\n<p><strong><mark style=\"background-color:#cf2e2e\" class=\"has-inline-color has-ast-global-color-4-color\">Self d\u00e9fense<\/mark><\/strong><br>On retrouve \u00e9galement le travail de d\u00e9fense personnelle avec et sans armes, les contre-attaques, la ma\u00eetrise des cl\u00e9s articulaires, des contr\u00f4les debout et au sol, les projections et les liaisons debout\/sol.<\/p>\n\n\n\n<p><strong><mark style=\"background-color:var(--ast-global-color-0)\" class=\"has-inline-color has-ast-global-color-4-color\">Volet sportif et comp\u00e9tition<\/mark><\/strong><mark style=\"background-color:#cf2e2e\" class=\"has-inline-color\"><br><\/mark>Le V\u00f5 C\u00f4ng s\u2019exprime en <strong><em>combat<\/em><\/strong> \u00e0 la touche ou \u00e0 la frappe r\u00e9elle (light contact, semi-contact, plein-contact), ainsi qu\u2019en combat libre, int\u00e9grant des \u00e9l\u00e9ments de diverses boxes et luttes (\u00e9quivalent nhb, freefight, vale tudo).<\/p>\n\n\n\n<p>Les comp\u00e9titions <strong><em>techniques<\/em><\/strong> valorisent \u00e9galement la ma\u00eetrise d\u2019encha\u00eenements codifi\u00e9s, la pr\u00e9cision et l\u2019efficacit\u00e9 dans les mouvements et formes.<\/p>\n\n\n\n<p><strong>Formes et philosophie<\/strong><br>L\u2019art martial vise un d\u00e9veloppement harmonieux du corps et de l\u2019esprit. Les pratiquants apprennent \u00e0 ne pas utiliser leur art \u00e0 mauvais escient et \u00e0 cultiver la rigueur et l\u2019autodiscipline.<\/p>\n\n\n\n<p>La richesse des \u00e9coles et styles permet une adaptation aux besoins et capacit\u00e9s de <em>chaque pratiquant<\/em>, avec des influences animales ou traditionnelles propres \u00e0 la culture sino-vietnamienne.<\/p>\n\n\n\n<figure class=\"wp-block-table\"><table class=\"has-fixed-layout\"><tbody><tr><td><strong>1er Quyen Enfant Long H\u1ed5 H\u1ed9i<\/strong><\/td><td><strong>2\u00e8me Quyen Enfant Long H\u1ed5 H\u1ed9i<\/strong><\/td><td><strong>3\u00e8me Quyen Enfant Long H\u1ed5 H\u1ed9i<\/strong><\/td><\/tr><tr><td><a href=\"https:\/\/www.dailymotion.com\/video\/x5bref\" target=\"_blank\" rel=\"noreferrer noopener\">https:\/\/www.dailymotion.com\/video\/x5bref<\/a><\/td><td><a href=\"https:\/\/www.dailymotion.com\/video\/x7rl1v\">https:\/\/www.dailymotion.com\/video\/x7rl1v<\/a><\/td><td><a href=\"https:\/\/www.dailymotion.com\/video\/x5brcm\">https:\/\/www.dailymotion.com\/video\/x5brcm<\/a><\/td><\/tr><\/tbody><\/table><\/figure>\n\n\n\n<figure class=\"wp-block-table\"><table class=\"has-fixed-layout\"><tbody><tr><td><strong>1er Quyen Adulte Long H\u1ed5 H\u1ed9i<\/strong><\/td><td><strong>2\u00e8me Quyen Adulte Long H\u1ed5 H\u1ed9i<\/strong><\/td><\/tr><tr><td><a href=\"https:\/\/www.dailymotion.com\/video\/x5br8w\" target=\"_blank\" rel=\"noreferrer noopener\">https:\/\/www.dailymotion.com\/video\/x5br8w<\/a><\/td><td><a href=\"https:\/\/www.dailymotion.com\/video\/x5br87\" target=\"_blank\" rel=\"noreferrer noopener\">https:\/\/www.dailymotion.com\/video\/x5br87<\/a><\/td><\/tr><tr><td><strong>3\u00e8me Quyen Adulte Long H\u1ed5 H\u1ed9i<\/strong><\/td><td><strong>4\u00e8me Quyen Adulte Long H\u1ed5 H\u1ed9i<\/strong><\/td><\/tr><tr><td><a href=\"https:\/\/www.dailymotion.com\/video\/x5br79\" target=\"_blank\" rel=\"noreferrer noopener\">https:\/\/www.dailymotion.com\/video\/x5br79<\/a><\/td><td><a href=\"https:\/\/www.dailymotion.com\/video\/x5br6f\" target=\"_blank\" rel=\"noreferrer noopener\">https:\/\/www.dailymotion.com\/video\/x5br6f<\/a><\/td><\/tr><\/tbody><\/table><\/figure>\n\n\n\n<p><\/p>\n","protected":false},"excerpt":{"rendered":"<p>Le V\u00f5 C\u00f4ng dans les arts martiaux sino-vietnamiens regroupe un ensemble tr\u00e8s complet de techniques structur\u00e9es autour du d\u00e9veloppement physique, [&hellip;]<\/p>\n","protected":false},"author":2,"featured_media":0,"parent":0,"menu_order":0,"comment_status":"closed","ping_status":"open","template":"","meta":{"site-sidebar-layout":"default","site-content-layout":"","ast-site-content-layout":"default","site-content-style":"default","site-sidebar-style":"default","ast-global-header-display":"","ast-banner-title-visibility":"","ast-main-header-display":"","ast-hfb-above-header-display":"","ast-hfb-below-header-display":"","ast-hfb-mobile-header-display":"","site-post-title":"","ast-breadcrumbs-content":"","ast-featured-img":"","footer-sml-layout":"","theme-transparent-header-meta":"","adv-header-id-meta":"","stick-header-meta":"","header-above-stick-meta":"","header-main-stick-meta":"","header-below-stick-meta":"","astra-migrate-meta-layouts":"default","ast-page-background-enabled":"default","ast-page-background-meta":{"desktop":{"background-color":"var(--ast-global-color-5)","background-image":"","background-repeat":"repeat","background-position":"center center","background-size":"auto","background-attachment":"scroll","background-type":"","background-media":"","overlay-type":"","overlay-color":"","overlay-opacity":"","overlay-gradient":""},"tablet":{"background-color":"","background-image":"","background-repeat":"repeat","background-position":"center center","background-size":"auto","background-attachment":"scroll","background-type":"","background-media":"","overlay-type":"","overlay-color":"","overlay-opacity":"","overlay-gradient":""},"mobile":{"background-color":"","background-image":"","background-repeat":"repeat","background-position":"center center","background-size":"auto","background-attachment":"scroll","background-type":"","background-media":"","overlay-type":"","overlay-color":"","overlay-opacity":"","overlay-gradient":""}},"ast-content-background-meta":{"desktop":{"background-color":"var(--ast-global-color-4)","background-image":"","background-repeat":"repeat","background-position":"center center","background-size":"auto","background-attachment":"scroll","background-type":"","background-media":"","overlay-type":"","overlay-color":"","overlay-opacity":"","overlay-gradient":""},"tablet":{"background-color":"var(--ast-global-color-4)","background-image":"","background-repeat":"repeat","background-position":"center center","background-size":"auto","background-attachment":"scroll","background-type":"","background-media":"","overlay-type":"","overlay-color":"","overlay-opacity":"","overlay-gradient":""},"mobile":{"background-color":"var(--ast-global-color-4)","background-image":"","background-repeat":"repeat","background-position":"center center","background-size":"auto","background-attachment":"scroll","background-type":"","background-media":"","overlay-type":"","overlay-color":"","overlay-opacity":"","overlay-gradient":""}},"footnotes":""},"class_list":["post-2","page","type-page","status-publish","hentry"],"yoast_head":"<!-- This site is optimized with the Yoast SEO plugin v26.0 - https:\/\/yoast.com\/wordpress\/plugins\/seo\/ -->\n<title>AMT - Enchainements - Quyen - longhohoi.com<\/title>\n<meta name=\"robots\" content=\"index, follow, max-snippet:-1, max-image-preview:large, max-video-preview:-1\" \/>\n<link rel=\"canonical\" href=\"https:\/\/www.longhohoi.com\/index.php\/sample-page\/\" \/>\n<meta property=\"og:locale\" content=\"fr_FR\" \/>\n<meta property=\"og:type\" content=\"article\" \/>\n<meta property=\"og:title\" content=\"AMT - Enchainements - Quyen - longhohoi.com\" \/>\n<meta property=\"og:description\" content=\"Le V\u00f5 C\u00f4ng dans les arts martiaux sino-vietnamiens regroupe un ensemble tr\u00e8s complet de techniques structur\u00e9es autour du d\u00e9veloppement physique, [&hellip;]\" \/>\n<meta property=\"og:url\" content=\"https:\/\/www.longhohoi.com\/index.php\/sample-page\/\" \/>\n<meta property=\"og:site_name\" content=\"longhohoi.com\" \/>\n<meta property=\"article:modified_time\" content=\"2025-09-25T14:05:46+00:00\" \/>\n<meta name=\"twitter:card\" content=\"summary_large_image\" \/>\n<meta name=\"twitter:label1\" content=\"Dur\u00e9e de lecture estim\u00e9e\" \/>\n\t<meta name=\"twitter:data1\" content=\"2 minutes\" \/>\n<script type=\"application\/ld+json\" class=\"yoast-schema-graph\">{\"@context\":\"https:\/\/schema.org\",\"@graph\":[{\"@type\":\"WebPage\",\"@id\":\"https:\/\/www.longhohoi.com\/index.php\/sample-page\/\",\"url\":\"https:\/\/www.longhohoi.com\/index.php\/sample-page\/\",\"name\":\"AMT - Enchainements - Quyen - longhohoi.com\",\"isPartOf\":{\"@id\":\"https:\/\/www.longhohoi.com\/#website\"},\"datePublished\":\"2025-09-25T12:30:44+00:00\",\"dateModified\":\"2025-09-25T14:05:46+00:00\",\"breadcrumb\":{\"@id\":\"https:\/\/www.longhohoi.com\/index.php\/sample-page\/#breadcrumb\"},\"inLanguage\":\"fr-FR\",\"potentialAction\":[{\"@type\":\"ReadAction\",\"target\":[\"https:\/\/www.longhohoi.com\/index.php\/sample-page\/\"]}]},{\"@type\":\"BreadcrumbList\",\"@id\":\"https:\/\/www.longhohoi.com\/index.php\/sample-page\/#breadcrumb\",\"itemListElement\":[{\"@type\":\"ListItem\",\"position\":1,\"name\":\"Accueil\",\"item\":\"https:\/\/www.longhohoi.com\/\"},{\"@type\":\"ListItem\",\"position\":2,\"name\":\"AMT &#8211; Enchainements &#8211; Quyen\"}]},{\"@type\":\"WebSite\",\"@id\":\"https:\/\/www.longhohoi.com\/#website\",\"url\":\"https:\/\/www.longhohoi.com\/\",\"name\":\"longhohoi.com\",\"description\":\"Union Dragon Tigre\",\"publisher\":{\"@id\":\"https:\/\/www.longhohoi.com\/#organization\"},\"potentialAction\":[{\"@type\":\"SearchAction\",\"target\":{\"@type\":\"EntryPoint\",\"urlTemplate\":\"https:\/\/www.longhohoi.com\/?s={search_term_string}\"},\"query-input\":{\"@type\":\"PropertyValueSpecification\",\"valueRequired\":true,\"valueName\":\"search_term_string\"}}],\"inLanguage\":\"fr-FR\"},{\"@type\":\"Organization\",\"@id\":\"https:\/\/www.longhohoi.com\/#organization\",\"name\":\"longhohoi.com\",\"url\":\"https:\/\/www.longhohoi.com\/\",\"logo\":{\"@type\":\"ImageObject\",\"inLanguage\":\"fr-FR\",\"@id\":\"https:\/\/www.longhohoi.com\/#\/schema\/logo\/image\/\",\"url\":\"https:\/\/www.longhohoi.com\/wp-content\/uploads\/2025\/09\/cropped-DTSS_200.png\",\"contentUrl\":\"https:\/\/www.longhohoi.com\/wp-content\/uploads\/2025\/09\/cropped-DTSS_200.png\",\"width\":200,\"height\":200,\"caption\":\"longhohoi.com\"},\"image\":{\"@id\":\"https:\/\/www.longhohoi.com\/#\/schema\/logo\/image\/\"}}]}<\/script>\n<!-- \/ Yoast SEO plugin. -->","yoast_head_json":{"title":"AMT - Enchainements - Quyen - longhohoi.com","robots":{"index":"index","follow":"follow","max-snippet":"max-snippet:-1","max-image-preview":"max-image-preview:large","max-video-preview":"max-video-preview:-1"},"canonical":"https:\/\/www.longhohoi.com\/index.php\/sample-page\/","og_locale":"fr_FR","og_type":"article","og_title":"AMT - Enchainements - Quyen - longhohoi.com","og_description":"Le V\u00f5 C\u00f4ng dans les arts martiaux sino-vietnamiens regroupe un ensemble tr\u00e8s complet de techniques structur\u00e9es autour du d\u00e9veloppement physique, [&hellip;]","og_url":"https:\/\/www.longhohoi.com\/index.php\/sample-page\/","og_site_name":"longhohoi.com","article_modified_time":"2025-09-25T14:05:46+00:00","twitter_card":"summary_large_image","twitter_misc":{"Dur\u00e9e de lecture estim\u00e9e":"2 minutes"},"schema":{"@context":"https:\/\/schema.org","@graph":[{"@type":"WebPage","@id":"https:\/\/www.longhohoi.com\/index.php\/sample-page\/","url":"https:\/\/www.longhohoi.com\/index.php\/sample-page\/","name":"AMT - Enchainements - Quyen - longhohoi.com","isPartOf":{"@id":"https:\/\/www.longhohoi.com\/#website"},"datePublished":"2025-09-25T12:30:44+00:00","dateModified":"2025-09-25T14:05:46+00:00","breadcrumb":{"@id":"https:\/\/www.longhohoi.com\/index.php\/sample-page\/#breadcrumb"},"inLanguage":"fr-FR","potentialAction":[{"@type":"ReadAction","target":["https:\/\/www.longhohoi.com\/index.php\/sample-page\/"]}]},{"@type":"BreadcrumbList","@id":"https:\/\/www.longhohoi.com\/index.php\/sample-page\/#breadcrumb","itemListElement":[{"@type":"ListItem","position":1,"name":"Accueil","item":"https:\/\/www.longhohoi.com\/"},{"@type":"ListItem","position":2,"name":"AMT &#8211; Enchainements &#8211; Quyen"}]},{"@type":"WebSite","@id":"https:\/\/www.longhohoi.com\/#website","url":"https:\/\/www.longhohoi.com\/","name":"longhohoi.com","description":"Union Dragon Tigre","publisher":{"@id":"https:\/\/www.longhohoi.com\/#organization"},"potentialAction":[{"@type":"SearchAction","target":{"@type":"EntryPoint","urlTemplate":"https:\/\/www.longhohoi.com\/?s={search_term_string}"},"query-input":{"@type":"PropertyValueSpecification","valueRequired":true,"valueName":"search_term_string"}}],"inLanguage":"fr-FR"},{"@type":"Organization","@id":"https:\/\/www.longhohoi.com\/#organization","name":"longhohoi.com","url":"https:\/\/www.longhohoi.com\/","logo":{"@type":"ImageObject","inLanguage":"fr-FR","@id":"https:\/\/www.longhohoi.com\/#\/schema\/logo\/image\/","url":"https:\/\/www.longhohoi.com\/wp-content\/uploads\/2025\/09\/cropped-DTSS_200.png","contentUrl":"https:\/\/www.longhohoi.com\/wp-content\/uploads\/2025\/09\/cropped-DTSS_200.png","width":200,"height":200,"caption":"longhohoi.com"},"image":{"@id":"https:\/\/www.longhohoi.com\/#\/schema\/logo\/image\/"}}]}},"_links":{"self":[{"href":"https:\/\/www.longhohoi.com\/index.php\/wp-json\/wp\/v2\/pages\/2","targetHints":{"allow":["GET"]}}],"collection":[{"href":"https:\/\/www.longhohoi.com\/index.php\/wp-json\/wp\/v2\/pages"}],"about":[{"href":"https:\/\/www.longhohoi.com\/index.php\/wp-json\/wp\/v2\/types\/page"}],"author":[{"embeddable":true,"href":"https:\/\/www.longhohoi.com\/index.php\/wp-json\/wp\/v2\/users\/2"}],"replies":[{"embeddable":true,"href":"https:\/\/www.longhohoi.com\/index.php\/wp-json\/wp\/v2\/comments?post=2"}],"version-history":[{"count":4,"href":"https:\/\/www.longhohoi.com\/index.php\/wp-json\/wp\/v2\/pages\/2\/revisions"}],"predecessor-version":[{"id":14,"href":"https:\/\/www.longhohoi.com\/index.php\/wp-json\/wp\/v2\/pages\/2\/revisions\/14"}],"wp:attachment":[{"href":"https:\/\/www.longhohoi.com\/index.php\/wp-json\/wp\/v2\/media?parent=2"}],"curies":[{"name":"wp","href":"https:\/\/api.w.org\/{rel}","templated":true}]}}